{"id":137,"date":"2026-03-02T15:06:00","date_gmt":"2026-03-02T15:06:00","guid":{"rendered":"https:\/\/johnnyhumbertosuarez.fpcei.eu\/?page_id=137"},"modified":"2026-03-03T09:45:47","modified_gmt":"2026-03-03T09:45:47","slug":"generos","status":"publish","type":"page","link":"https:\/\/johnnyhumbertosuarez.fpcei.eu\/?page_id=137","title":{"rendered":"G\u00e9neros"},"content":{"rendered":"\n<p>como hemos mencionado antes, hay variedad de generos, pero hablar de todos ellos seria casi imposible por la inmensa cantidad de estos, aun asi hablaremos de los mas reconocibles<\/p>\n\n\n\n<h2 class=\"wp-block-heading\">Rock \/ Indie Rock<\/h2>\n\n\n\n<p><strong>Caracter\u00edsticas:<\/strong> guitarras protagonistas, sonido alternativo, letras introspectivas.<\/p>\n\n\n\n<p>El rock moderno ha evolucionado hacia un sonido m\u00e1s indie y alternativo, mezclando influencias cl\u00e1sicas con producci\u00f3n actual.<\/p>\n\n\n\n<p>de ellos se pueden destacar artistas y bandas como:<\/p>\n\n\n\n<div class=\"wp-block-group is-nowrap is-layout-flex wp-container-core-group-is-layout-6c531013 wp-block-group-is-layout-flex\">\n<p><strong>Artistas actuales destacados:<\/strong><\/p>\n\n\n\n<figure class=\"wp-block-image\"><img decoding=\"async\" src=\"https:\/\/i.pinimg.com\/236x\/4c\/15\/1e\/4c151ea195f5666d3b5587c53ebc4573.jpg\" alt=\"Esto contiene una imagen de: tame impala cat\"\/><\/figure>\n<\/div>\n\n\n\n<ul class=\"wp-block-list\">\n<li>The 1975<\/li>\n\n\n\n<li>Tame Impala<\/li>\n<\/ul>\n\n\n\n<p><\/p>\n\n\n\n<h2 class=\"wp-block-heading\">Hip Hop \/ Rap Moderno<\/h2>\n\n\n\n<p><strong>Caracter\u00edsticas:<\/strong> bases potentes, letras personales o sociales, gran impacto cultural.<\/p>\n\n\n\n<figure class=\"wp-block-image alignright\"><img decoding=\"async\" src=\"https:\/\/i.pinimg.com\/236x\/69\/99\/74\/6999747da5876ffbc85a2cdca387b548.jpg\" alt=\"Esto contiene: Kanye \nKanye bear \nRap\nCulture \nRap culture\nPioneer \nLegend\"\/><\/figure>\n\n\n\n<p>El hip hop actual domina las listas globales y se caracteriza por su diversidad de estilos y mensajes.<\/p>\n\n\n\n<p><strong>Artista actual mas destacado<\/strong> en mi opinion: <\/p>\n\n\n\n<ul class=\"wp-block-list\">\n<li>Kanye west: probablemente el mas influyente de todo el genero, aun activo, y siendo el maximo referente para muchos de los artistas ya no solamente de hip-hop, si no impulsando la creatividad de otros artistas de generos variados, tales como Travis Scott, Tyler the creator, Rosalia, Frank Ocean y muchisimos mas.<\/li>\n<\/ul>\n\n\n\n<div class=\"wp-block-group is-nowrap is-layout-flex wp-container-core-group-is-layout-6c531013 wp-block-group-is-layout-flex\">\n<p>cuenta con albums muy bien recibidos y aclamados por la critica, siendo inicialmente solo productor de grandes artistas como Jay Z, a convertirse en una figura clave en el genero, consiguiendo asi mas de 20 grammys, records, y redifiniendo por completo su genero, su uso de samples poco convencionales y no tan comunes para su epoca, ha explorado desde el rap clasico, sonidos mas electronicos, gospel, hasta mas experimentales, como se puede ver en su album \u00abYeezus\u00bb<\/p>\n<\/div>\n\n\n\n<p>Albumes destacados<\/p>\n\n\n\n<figure class=\"wp-block-image\"><img decoding=\"async\" src=\"https:\/\/i.pinimg.com\/236x\/10\/08\/cd\/1008cd0c53d69155012e2d319d15c561.jpg\" alt=\"Esto contiene una imagen de: Kanye Photo (High quality)\"\/><\/figure>\n\n\n\n<p>The college dropout: lanzado en 2004, y convirtiendose instantaneamente en un clasico, kanye abre camino a su carrera con este album, considerado por muchos una obra maestra, inicia este una trilogia de albums con una estetica parecida pero con diferentes sonidos, llevandose asi varios grammys desde el album uno<\/p>\n\n\n\n<p>Late registration: continuamos en 2005 con este album tambien muy importante, teniendo un nombre ya en la industria, siendo este mas escuchado y comprado que el anterior<\/p>\n\n\n\n<div class=\"wp-block-group is-nowrap is-layout-flex wp-container-core-group-is-layout-6c531013 wp-block-group-is-layout-flex\">\n<p>Graduation: terminamos esta serie de albums de 3 albums con lo que para muchos seria el mejor de los 3, con algunas de sus canciones mas reconocibles y miticas, y no decepcionando para nada, estando a la altura o incluso mejor que los dos anteriores<\/p>\n<\/div>\n\n\n\n<p>su importancia no solo se queda en la musica, si no yendose tambien a la moda, creando asi una linea de moda llamada \u00abyeezus\u00bb que influyo asi a uno de los mas grandes de la moda actual streetwear virgil abloh, creador de la linea off white, o inspirando tambien a otras marcas como lo es essentials, muy importante tambien<\/p>\n\n\n\n<figure class=\"wp-block-image aligncenter\"><img decoding=\"async\" src=\"https:\/\/i.pinimg.com\/236x\/cd\/8a\/02\/cd8a024a8d8c05e5c39d2e0de731dba3.jpg\" alt=\"Esto contiene una imagen de: Graduation\"\/><\/figure>\n\n\n\n<hr class=\"wp-block-separator has-alpha-channel-opacity\"\/>\n\n\n<div class=\"n2-section-smartslider fitvidsignore  n2_clear\" data-ssid=\"2\"><div id=\"n2-ss-2-align\" class=\"n2-ss-align\"><div class=\"n2-padding\"><div id=\"n2-ss-2\" data-creator=\"Smart Slider 3\" data-responsive=\"auto\" class=\"n2-ss-slider n2-ow n2-has-hover n2notransition  \"><div class=\"n2-ss-slider-wrapper-inside\">\n        <div class=\"n2-ss-slider-1 n2_ss__touch_element n2-ow\">\n            <div class=\"n2-ss-slider-2 n2-ow\">\n                                                <div class=\"n2-ss-slider-3 n2-ow\">\n\n                    <div class=\"n2-ss-slide-backgrounds n2-ow-all\"><div class=\"n2-ss-slide-background\" data-public-id=\"1\" data-mode=\"fill\"><div class=\"n2-ss-slide-background-image\" data-blur=\"0\" data-opacity=\"100\" data-x=\"50\" data-y=\"50\" data-alt=\"\" data-title=\"\"><picture class=\"skip-lazy\" data-skip-lazy=\"1\"><img decoding=\"async\" src=\"\/\/johnnyhumbertosuarez.fpcei.eu\/wp-content\/uploads\/2026\/03\/68b2be79042b3bd6a897541f90e2a2b8.jpg\" alt=\"\" title=\"\" loading=\"lazy\" class=\"skip-lazy\" data-skip-lazy=\"1\"><\/picture><\/div><div data-color=\"RGBA(255,255,255,0)\" style=\"background-color: RGBA(255,255,255,0);\" class=\"n2-ss-slide-background-color\"><\/div><\/div><div class=\"n2-ss-slide-background\" data-public-id=\"2\" data-mode=\"fill\" aria-hidden=\"true\"><div class=\"n2-ss-slide-background-image\" data-blur=\"0\" data-opacity=\"100\" data-x=\"50\" data-y=\"50\" data-alt=\"\" data-title=\"\"><picture class=\"skip-lazy\" data-skip-lazy=\"1\"><img decoding=\"async\" src=\"\/\/johnnyhumbertosuarez.fpcei.eu\/wp-content\/uploads\/2026\/02\/91MJVban-AL._UF8941000_QL80_.jpg\" alt=\"\" title=\"\" loading=\"lazy\" class=\"skip-lazy\" data-skip-lazy=\"1\"><\/picture><\/div><div data-color=\"RGBA(255,255,255,0)\" style=\"background-color: RGBA(255,255,255,0);\" class=\"n2-ss-slide-background-color\"><\/div><\/div><div class=\"n2-ss-slide-background\" data-public-id=\"3\" data-mode=\"fill\" aria-hidden=\"true\"><div class=\"n2-ss-slide-background-image\" data-blur=\"0\" data-opacity=\"100\" data-x=\"50\" data-y=\"50\" data-alt=\"\" data-title=\"\"><picture class=\"skip-lazy\" data-skip-lazy=\"1\"><img decoding=\"async\" src=\"\/\/johnnyhumbertosuarez.fpcei.eu\/wp-content\/uploads\/2026\/02\/images.jpg\" alt=\"\" title=\"\" loading=\"lazy\" class=\"skip-lazy\" data-skip-lazy=\"1\"><\/picture><\/div><div data-color=\"RGBA(255,255,255,0)\" style=\"background-color: RGBA(255,255,255,0);\" class=\"n2-ss-slide-background-color\"><\/div><\/div><div class=\"n2-ss-slide-background\" data-public-id=\"4\" data-mode=\"fill\" aria-hidden=\"true\"><div class=\"n2-ss-slide-background-image\" data-blur=\"0\" data-opacity=\"100\" data-x=\"50\" data-y=\"50\" data-alt=\"\" data-title=\"\"><picture class=\"skip-lazy\" data-skip-lazy=\"1\"><img decoding=\"async\" src=\"\/\/johnnyhumbertosuarez.fpcei.eu\/wp-content\/uploads\/2026\/02\/bntfgn.jpg\" alt=\"\" title=\"\" loading=\"lazy\" class=\"skip-lazy\" data-skip-lazy=\"1\"><\/picture><\/div><div data-color=\"RGBA(255,255,255,0)\" style=\"background-color: RGBA(255,255,255,0);\" class=\"n2-ss-slide-background-color\"><\/div><\/div><\/div>                    <div class=\"n2-ss-slider-4 n2-ow\">\n                        <svg xmlns=\"http:\/\/www.w3.org\/2000\/svg\" viewBox=\"0 0 300 600\" data-related-device=\"desktopPortrait\" class=\"n2-ow n2-ss-preserve-size n2-ss-preserve-size--slider n2-ss-slide-limiter\"><\/svg><div data-first=\"1\" data-slide-duration=\"0\" data-id=\"6\" data-slide-public-id=\"1\" data-title=\"68b2be79042b3bd6a897541f90e2a2b8\" class=\"n2-ss-slide n2-ow  n2-ss-slide-6\"><div role=\"note\" class=\"n2-ss-slide--focus\" tabindex=\"-1\">68b2be79042b3bd6a897541f90e2a2b8<\/div><div class=\"n2-ss-layers-container n2-ss-slide-limiter n2-ow\"><div class=\"n2-ss-layer n2-ow n-uc-uEEyDsLGSgRz\" data-sstype=\"slide\" data-pm=\"default\"><\/div><\/div><\/div><div data-slide-duration=\"0\" data-id=\"7\" data-slide-public-id=\"2\" aria-hidden=\"true\" data-title=\"91MJVban-AL._UF894,1000_QL80_\" class=\"n2-ss-slide n2-ow  n2-ss-slide-7\"><div role=\"note\" class=\"n2-ss-slide--focus\" tabindex=\"-1\">91MJVban-AL._UF894,1000_QL80_<\/div><div class=\"n2-ss-layers-container n2-ss-slide-limiter n2-ow\"><div class=\"n2-ss-layer n2-ow n-uc-x0LVfWffh4vs\" data-sstype=\"slide\" data-pm=\"default\"><\/div><\/div><\/div><div data-slide-duration=\"0\" data-id=\"8\" data-slide-public-id=\"3\" aria-hidden=\"true\" data-title=\"images\" class=\"n2-ss-slide n2-ow  n2-ss-slide-8\"><div role=\"note\" class=\"n2-ss-slide--focus\" tabindex=\"-1\">images<\/div><div class=\"n2-ss-layers-container n2-ss-slide-limiter n2-ow\"><div class=\"n2-ss-layer n2-ow n-uc-fzwIwWERpwQ9\" data-sstype=\"slide\" data-pm=\"default\"><\/div><\/div><\/div><div data-slide-duration=\"0\" data-id=\"9\" data-slide-public-id=\"4\" aria-hidden=\"true\" data-title=\"bntfgn\" class=\"n2-ss-slide n2-ow  n2-ss-slide-9\"><div role=\"note\" class=\"n2-ss-slide--focus\" tabindex=\"-1\">bntfgn<\/div><div class=\"n2-ss-layers-container n2-ss-slide-limiter n2-ow\"><div class=\"n2-ss-layer n2-ow n-uc-MWyAmSwyAlUz\" data-sstype=\"slide\" data-pm=\"default\"><\/div><\/div><\/div>                    <\/div>\n\n                                    <\/div>\n            <\/div>\n        <\/div>\n        <div class=\"n2-ss-slider-controls n2-ss-slider-controls-absolute-left-center\"><div style=\"--widget-offset:15px;\" class=\"n2-ss-widget nextend-arrow n2-ow-all nextend-arrow-previous  nextend-arrow-animated-fade\" data-hide-mobileportrait=\"1\" id=\"n2-ss-2-arrow-previous\" role=\"button\" aria-label=\"previous arrow\" tabindex=\"0\"><img loading=\"lazy\" decoding=\"async\" width=\"32\" height=\"32\" class=\"skip-lazy\" data-skip-lazy=\"1\" src=\"data:image\/svg+xml;base64,PHN2ZyB3aWR0aD0iMzIiIGhlaWdodD0iMzIiIHZpZXdCb3g9IjAgMCAzMiAzMiIgeG1sbnM9Imh0dHA6Ly93d3cudzMub3JnLzIwMDAvc3ZnIj4KICAgIDxwYXRoIGQ9Ik0xMS40MzMgMTUuOTkyTDIyLjY5IDUuNzEyYy4zOTMtLjM5LjM5My0xLjAzIDAtMS40Mi0uMzkzLS4zOS0xLjAzLS4zOS0xLjQyMyAwbC0xMS45OCAxMC45NGMtLjIxLjIxLS4zLjQ5LS4yODUuNzYtLjAxNS4yOC4wNzUuNTYuMjg0Ljc3bDExLjk4IDEwLjk0Yy4zOTMuMzkgMS4wMy4zOSAxLjQyNCAwIC4zOTMtLjQuMzkzLTEuMDMgMC0xLjQybC0xMS4yNTctMTAuMjkiCiAgICAgICAgICBmaWxsPSIjZmZmZmZmIiBvcGFjaXR5PSIwLjgiIGZpbGwtcnVsZT0iZXZlbm9kZCIvPgo8L3N2Zz4=\" alt=\"previous arrow\"><\/div><\/div><div class=\"n2-ss-slider-controls n2-ss-slider-controls-absolute-right-center\"><div style=\"--widget-offset:15px;\" class=\"n2-ss-widget nextend-arrow n2-ow-all nextend-arrow-next  nextend-arrow-animated-fade\" data-hide-mobileportrait=\"1\" id=\"n2-ss-2-arrow-next\" role=\"button\" aria-label=\"next arrow\" tabindex=\"0\"><img loading=\"lazy\" decoding=\"async\" width=\"32\" height=\"32\" class=\"skip-lazy\" data-skip-lazy=\"1\" src=\"data:image\/svg+xml;base64,PHN2ZyB3aWR0aD0iMzIiIGhlaWdodD0iMzIiIHZpZXdCb3g9IjAgMCAzMiAzMiIgeG1sbnM9Imh0dHA6Ly93d3cudzMub3JnLzIwMDAvc3ZnIj4KICAgIDxwYXRoIGQ9Ik0xMC43MjIgNC4yOTNjLS4zOTQtLjM5LTEuMDMyLS4zOS0xLjQyNyAwLS4zOTMuMzktLjM5MyAxLjAzIDAgMS40MmwxMS4yODMgMTAuMjgtMTEuMjgzIDEwLjI5Yy0uMzkzLjM5LS4zOTMgMS4wMiAwIDEuNDIuMzk1LjM5IDEuMDMzLjM5IDEuNDI3IDBsMTIuMDA3LTEwLjk0Yy4yMS0uMjEuMy0uNDkuMjg0LS43Ny4wMTQtLjI3LS4wNzYtLjU1LS4yODYtLjc2TDEwLjcyIDQuMjkzeiIKICAgICAgICAgIGZpbGw9IiNmZmZmZmYiIG9wYWNpdHk9IjAuOCIgZmlsbC1ydWxlPSJldmVub2RkIi8+Cjwvc3ZnPg==\" alt=\"next arrow\"><\/div><\/div><\/div><\/div><ss3-loader><\/ss3-loader><\/div><\/div><div class=\"n2_clear\"><\/div><\/div>","protected":false},"excerpt":{"rendered":"<p>como hemos mencionado antes, hay variedad de generos, pero hablar de todos ellos seria casi imposible por la inmensa cantidad de estos, aun asi hablaremos de los mas reconocibles Rock \/ Indie Rock Caracter\u00edsticas: guitarras protagonistas, sonido alternativo, letras introspectivas. El rock moderno ha evolucionado hacia un sonido m\u00e1s indie y alternativo, mezclando influencias cl\u00e1sicas [&hellip;]<\/p>\n","protected":false},"author":2,"featured_media":0,"parent":0,"menu_order":0,"comment_status":"closed","ping_status":"closed","template":"","meta":{"footnotes":""},"class_list":["post-137","page","type-page","status-publish","hentry"],"_links":{"self":[{"href":"https:\/\/johnnyhumbertosuarez.fpcei.eu\/index.php?rest_route=\/wp\/v2\/pages\/137","targetHints":{"allow":["GET"]}}],"collection":[{"href":"https:\/\/johnnyhumbertosuarez.fpcei.eu\/index.php?rest_route=\/wp\/v2\/pages"}],"about":[{"href":"https:\/\/johnnyhumbertosuarez.fpcei.eu\/index.php?rest_route=\/wp\/v2\/types\/page"}],"author":[{"embeddable":true,"href":"https:\/\/johnnyhumbertosuarez.fpcei.eu\/index.php?rest_route=\/wp\/v2\/users\/2"}],"replies":[{"embeddable":true,"href":"https:\/\/johnnyhumbertosuarez.fpcei.eu\/index.php?rest_route=%2Fwp%2Fv2%2Fcomments&post=137"}],"version-history":[{"count":5,"href":"https:\/\/johnnyhumbertosuarez.fpcei.eu\/index.php?rest_route=\/wp\/v2\/pages\/137\/revisions"}],"predecessor-version":[{"id":282,"href":"https:\/\/johnnyhumbertosuarez.fpcei.eu\/index.php?rest_route=\/wp\/v2\/pages\/137\/revisions\/282"}],"wp:attachment":[{"href":"https:\/\/johnnyhumbertosuarez.fpcei.eu\/index.php?rest_route=%2Fwp%2Fv2%2Fmedia&parent=137"}],"curies":[{"name":"wp","href":"https:\/\/api.w.org\/{rel}","templated":true}]}}