{"id":143,"date":"2026-03-02T15:07:32","date_gmt":"2026-03-02T15:07:32","guid":{"rendered":"https:\/\/johnnyhumbertosuarez.fpcei.eu\/?page_id=143"},"modified":"2026-03-03T19:08:43","modified_gmt":"2026-03-03T19:08:43","slug":"artistas","status":"publish","type":"page","link":"https:\/\/johnnyhumbertosuarez.fpcei.eu\/?page_id=143","title":{"rendered":"Artistas"},"content":{"rendered":"\n<p>algunos de los artistas mas relevantes de nuestra epoca y mas antiguos como:<\/p>\n\n\n\n<p class=\"has-text-align-center\"><strong>Artic Monkeys<\/strong><\/p>\n\n\n\n<p><strong>G\u00e9nero:<\/strong> Indie rock \/ Rock alternativo<\/p>\n\n\n\n<p><strong>Pa\u00eds:<\/strong> Reino Unido<\/p>\n\n\n\n<div class=\"wp-block-group is-nowrap is-layout-flex wp-container-core-group-is-layout-6c531013 wp-block-group-is-layout-flex\">\n<p><strong>Biograf\u00eda:<\/strong> Formados en Sheffield, los Arctic Monkeys revolucionaron el indie rock con <em>Whatever People Say I Am, That\u2019s What I\u2019m Not<\/em>. Su sonido evolucion\u00f3 hacia un estilo m\u00e1s oscuro y sofisticado con <em>AM<\/em>.<\/p>\n\n\n\n<figure class=\"wp-block-image\"><img decoding=\"async\" src=\"https:\/\/i.pinimg.com\/736x\/48\/de\/d3\/48ded3e6d05cdc9030c2f0fae6d8a69e.jpg\" alt=\"\"\/><\/figure>\n<\/div>\n\n\n\n<p><strong>\u00c1lbumes destacados:<\/strong> <em>AM<\/em>, <em>Favourite Worst Nightmare<\/em>, <em>Tranquility Base Hotel &amp; Casino<\/em><\/p>\n\n\n\n<p><strong>Curiosidades:<\/strong> La portada de <em>AM<\/em> es considerada ic\u00f3nica del indie moderno.<\/p>\n\n\n\n<p><strong>The Beatles<\/strong><\/p>\n\n\n\n<p><strong>G\u00e9nero:<\/strong> Rock \/ Pop \/ Psicod\u00e9lico<\/p>\n\n\n\n<div class=\"wp-block-group is-nowrap is-layout-flex wp-container-core-group-is-layout-6c531013 wp-block-group-is-layout-flex\">\n<p><strong>Pa\u00eds:<\/strong> Reino Unido<\/p>\n\n\n\n<figure class=\"wp-block-image\"><img decoding=\"async\" src=\"https:\/\/i.pinimg.com\/236x\/04\/1b\/90\/041b90a82ea867bc280eaec23c3713ad.jpg\" alt=\"Esto contiene una imagen de: Londres \u2013 Roteiro a p\u00e9 Beatles e algo mais\"\/><\/figure>\n<\/div>\n\n\n\n<p><strong>Biograf\u00eda:<\/strong> The Beatles cambiaron la historia de la m\u00fasica moderna con su creatividad, innovaci\u00f3n y experimentaci\u00f3n sonora. Son considerados la banda m\u00e1s influyente de todos los tiempos.<\/p>\n\n\n\n<p><strong>\u00c1lbumes destacados:<\/strong> <em>Abbey Road<\/em>, <em>Sgt. Pepper\u2019s Lonely Hearts Club Band<\/em>, <em>Revolver<\/em><\/p>\n\n\n\n<p><strong>Curiosidades:<\/strong> Su impacto cultural fue global y siguen siendo referencia hoy en d\u00eda.<\/p>\n\n\n\n<p class=\"has-text-align-center\">               <strong>Daft Punk<\/strong><\/p>\n\n\n\n<p><strong>G\u00e9nero:<\/strong> Electr\u00f3nica \/ House \/ Funk<\/p>\n\n\n\n<div class=\"wp-block-group is-nowrap is-layout-flex wp-container-core-group-is-layout-6c531013 wp-block-group-is-layout-flex\">\n<p><strong>Pa\u00eds:<\/strong> Francia<\/p>\n\n\n\n<figure class=\"wp-block-image\"><img decoding=\"async\" src=\"https:\/\/i.pinimg.com\/236x\/74\/1d\/aa\/741daa47ce94c22074029552a0cff74b.jpg\" alt=\"Esto contiene una imagen de: \"\/><\/figure>\n<\/div>\n\n\n\n<p><strong>Biograf\u00eda:<\/strong> Este d\u00fao revolucion\u00f3 la m\u00fasica electr\u00f3nica combinando beats innovadores con est\u00e9tica visual \u00fanica, siempre con sus ic\u00f3nicos cascos.<\/p>\n\n\n\n<p><strong>\u00c1lbumes destacados:<\/strong> <em>Random Access Memories<\/em>, <em>Discovery<\/em>, <em>Homework<\/em><\/p>\n\n\n\n<p><\/p>\n\n\n\n<p class=\"has-text-align-center\"><strong>Rihanna<\/strong><\/p>\n\n\n\n<p><strong>G\u00e9nero:<\/strong> Pop \/ R&amp;B \/ Dancehall<\/p>\n\n\n\n<div class=\"wp-block-group is-nowrap is-layout-flex wp-container-core-group-is-layout-6c531013 wp-block-group-is-layout-flex\">\n<figure class=\"wp-block-image\"><img decoding=\"async\" src=\"https:\/\/i.pinimg.com\/236x\/c3\/60\/88\/c360884befa68e534d5b07cacfb9b205.jpg\" alt=\"Esto contiene una imagen de: \"\/><\/figure>\n\n\n\n<p><strong>Pa\u00eds:<\/strong> Barbados<\/p>\n<\/div>\n\n\n\n<p><strong>Biograf\u00eda:<\/strong> Rihanna es una de las artistas m\u00e1s exitosas de la m\u00fasica pop y R&amp;B, conocida por su voz \u00fanica, estilo vers\u00e1til y presencia global.<\/p>\n\n\n\n<p><strong>\u00c1lbumes destacados:<\/strong> <em>Anti<\/em>, <em>Loud<\/em>, <em>Good Girl Gone Bad<\/em><\/p>\n\n\n\n<p><strong>Curiosidades:<\/strong> Adem\u00e1s de la m\u00fasica, tiene su propia l\u00ednea de cosm\u00e9ticos y moda, convirti\u00e9ndola en \u00edcono cultural<\/p>\n\n\n\n<p class=\"has-text-align-center\"><strong>Frank Ocean<\/strong><\/p>\n\n\n\n<p><strong>G\u00e9nero:<\/strong> R&amp;B \/ Soul \/ Experimental<\/p>\n\n\n\n<div class=\"wp-block-group is-nowrap is-layout-flex wp-container-core-group-is-layout-6c531013 wp-block-group-is-layout-flex\">\n<p><strong>Pa\u00eds:<\/strong> Estados Unidos<\/p>\n\n\n\n<figure class=\"wp-block-image\"><img decoding=\"async\" src=\"https:\/\/i.pinimg.com\/236x\/4d\/55\/29\/4d552946b691cd799b26c4e1c96553f8.jpg\" alt=\"Esto contiene una imagen de: \"\/><\/figure>\n<\/div>\n\n\n\n<p><strong>Biograf\u00eda:<\/strong> Conocido por su sensibilidad l\u00edrica y producci\u00f3n innovadora, Frank Ocean ha redefinido el R&amp;B moderno.<\/p>\n\n\n\n<div class=\"wp-block-group is-nowrap is-layout-flex wp-container-core-group-is-layout-6c531013 wp-block-group-is-layout-flex\">\n<p><strong>\u00c1lbumes destacados:<\/strong> <em>Channel Orange<\/em>, <em>Blonde<\/em><\/p>\n<\/div>\n\n\n\n<p><strong>Curiosidades:<\/strong> Mantiene un perfil bajo, pero su m\u00fasica tiene un impacto enorme en la cultura musical.<\/p>\n\n\n\n<p><\/p>\n\n\n\n<p>estos son solo algunos de los artistas que consideramos relevantes e importantes en su respectivo genero, pero como estos, puedes encontrar muchos mas que se actualizan a lo largo de la semana<\/p>\n\n\n\n<p><\/p>\n","protected":false},"excerpt":{"rendered":"<p>algunos de los artistas mas relevantes de nuestra epoca y mas antiguos como: Artic Monkeys G\u00e9nero: Indie rock \/ Rock alternativo Pa\u00eds: Reino Unido Biograf\u00eda: Formados en Sheffield, los Arctic Monkeys revolucionaron el indie rock con Whatever People Say I Am, That\u2019s What I\u2019m Not. Su sonido evolucion\u00f3 hacia un estilo m\u00e1s oscuro y sofisticado [&hellip;]<\/p>\n","protected":false},"author":2,"featured_media":0,"parent":0,"menu_order":0,"comment_status":"closed","ping_status":"closed","template":"","meta":{"footnotes":""},"class_list":["post-143","page","type-page","status-publish","hentry"],"_links":{"self":[{"href":"https:\/\/johnnyhumbertosuarez.fpcei.eu\/index.php?rest_route=\/wp\/v2\/pages\/143","targetHints":{"allow":["GET"]}}],"collection":[{"href":"https:\/\/johnnyhumbertosuarez.fpcei.eu\/index.php?rest_route=\/wp\/v2\/pages"}],"about":[{"href":"https:\/\/johnnyhumbertosuarez.fpcei.eu\/index.php?rest_route=\/wp\/v2\/types\/page"}],"author":[{"embeddable":true,"href":"https:\/\/johnnyhumbertosuarez.fpcei.eu\/index.php?rest_route=\/wp\/v2\/users\/2"}],"replies":[{"embeddable":true,"href":"https:\/\/johnnyhumbertosuarez.fpcei.eu\/index.php?rest_route=%2Fwp%2Fv2%2Fcomments&post=143"}],"version-history":[{"count":6,"href":"https:\/\/johnnyhumbertosuarez.fpcei.eu\/index.php?rest_route=\/wp\/v2\/pages\/143\/revisions"}],"predecessor-version":[{"id":332,"href":"https:\/\/johnnyhumbertosuarez.fpcei.eu\/index.php?rest_route=\/wp\/v2\/pages\/143\/revisions\/332"}],"wp:attachment":[{"href":"https:\/\/johnnyhumbertosuarez.fpcei.eu\/index.php?rest_route=%2Fwp%2Fv2%2Fmedia&parent=143"}],"curies":[{"name":"wp","href":"https:\/\/api.w.org\/{rel}","templated":true}]}}